{"id":30,"date":"2024-06-07T06:30:59","date_gmt":"2024-06-07T06:30:59","guid":{"rendered":"https:\/\/eshop.utenosdsc.lt\/?page_id=30"},"modified":"2024-07-29T06:58:59","modified_gmt":"2024-07-29T06:58:59","slug":"dzemperiai","status":"publish","type":"page","link":"https:\/\/eshop.utenosdsc.lt\/index.php\/dzemperiai\/","title":{"rendered":"D\u017eemperiai"},"content":{"rendered":"\t\t<div data-elementor-type=\"wp-page\" data-elementor-id=\"30\" class=\"elementor elementor-30\">\n\t\t\t\t<div class=\"elementor-element elementor-element-53ec86a e-flex e-con-boxed wpr-particle-no wpr-jarallax-no wpr-parallax-no wpr-sticky-section-no e-con e-parent\" data-id=\"53ec86a\" data-element_type=\"container\" data-e-type=\"container\">\n\t\t\t\t\t<div class=\"e-con-inner\">\n\t\t\t\t<div class=\"elementor-element elementor-element-d0c1917 eael-product-grid-column-2 elementor-widget elementor-widget-eicon-woocommerce\" data-id=\"d0c1917\" data-element_type=\"widget\" data-e-type=\"widget\" data-widget_type=\"eicon-woocommerce.default\">\n\t\t\t\t<div class=\"elementor-widget-container\">\n\t\t\t\t\t\n        <div class=\"eael-product-grid eael-product-simple grid\" id=\"eael-product-grid\" data-widget-id=\"d0c1917\" data-page-id=\"30\" data-nonce=\"358c7b8a03\" >\n            <div class=\"woocommerce\">\n                <ul class=\"products eael-post-appender eael-post-appender-d0c1917\" data-ssi-desktop=\"no\" data-ssi-tablet=\"no\" data-ssi-mobile=\"no\" data-layout-mode=\"grid\"> <li class=\"product \">\n<div class=\"eael-product-wrap\" data-src=\"\" data-src-hover=\"\">\n    <img fetchpriority=\"high\" decoding=\"async\" width=\"241\" height=\"300\" src=\"https:\/\/eshop.utenosdsc.lt\/wp-content\/uploads\/2024\/09\/dzempas-241x300.jpg\" class=\"attachment-woocommerce_thumbnail size-woocommerce_thumbnail wvs-archive-product-image\" alt=\"\" loading=\"eager\" srcset=\"https:\/\/eshop.utenosdsc.lt\/wp-content\/uploads\/2024\/09\/dzempas-241x300.jpg 241w, https:\/\/eshop.utenosdsc.lt\/wp-content\/uploads\/2024\/09\/dzempas-822x1024.jpg 822w, https:\/\/eshop.utenosdsc.lt\/wp-content\/uploads\/2024\/09\/dzempas-768x957.jpg 768w, https:\/\/eshop.utenosdsc.lt\/wp-content\/uploads\/2024\/09\/dzempas-1233x1536.jpg 1233w, https:\/\/eshop.utenosdsc.lt\/wp-content\/uploads\/2024\/09\/dzempas-510x635.jpg 510w, https:\/\/eshop.utenosdsc.lt\/wp-content\/uploads\/2024\/09\/dzempas.jpg 1279w\" sizes=\"(max-width: 241px) 100vw, 241px\" \/><div class=\"eael-product-title\">\n    <a href=\"https:\/\/eshop.utenosdsc.lt\/index.php\/produktas\/dzemperis-be-gobtuvo-udsc\/\" class=\"woocommerce-LoopProduct-link woocommerce-loop-product__link\"><h2 class=\"woocommerce-loop-product__title\">D\u017eemperis be gobtuvo UDSC<\/h2><\/a>\n    <\/div><div class=\"eael-star-rating star-rating\"><span style=\"width:0%\">Rated <strong class=\"rating\">0<\/strong> out of 5<\/span><\/div><div class=\"eael-product-price\"><span class=\"woocommerce-Price-amount amount\"><bdi>20,00&nbsp;<span class=\"woocommerce-Price-currencySymbol\">&euro;<\/span><\/bdi><\/span><\/div>    <a href=\"https:\/\/eshop.utenosdsc.lt\/index.php\/produktas\/dzemperis-be-gobtuvo-udsc\/\" aria-describedby=\"woocommerce_loop_add_to_cart_link_describedby_282\" data-quantity=\"1\" class=\"button product_type_variable add_to_cart_button\" data-product_id=\"282\" data-product_sku=\"\" aria-label=\"Select options for &ldquo;D\u017eemperis be gobtuvo UDSC&rdquo;\" rel=\"nofollow\">Select options<\/a>\t<span id=\"woocommerce_loop_add_to_cart_link_describedby_282\" class=\"screen-reader-text\">\n\t\tThis product has multiple variants. The options may be chosen on the product page\t<\/span>\n    \n<\/div>\n\n<\/li> <li class=\"product \">\n<div class=\"eael-product-wrap\" data-src=\"\" data-src-hover=\"\">\n    <img decoding=\"async\" width=\"300\" height=\"247\" src=\"https:\/\/eshop.utenosdsc.lt\/wp-content\/uploads\/2024\/07\/utenamake-300x247.png\" class=\"attachment-woocommerce_thumbnail size-woocommerce_thumbnail wvs-archive-product-image\" alt=\"\" loading=\"eager\" srcset=\"https:\/\/eshop.utenosdsc.lt\/wp-content\/uploads\/2024\/07\/utenamake-300x247.png 300w, https:\/\/eshop.utenosdsc.lt\/wp-content\/uploads\/2024\/07\/utenamake-510x419.png 510w, https:\/\/eshop.utenosdsc.lt\/wp-content\/uploads\/2024\/07\/utenamake-1024x842.png 1024w, https:\/\/eshop.utenosdsc.lt\/wp-content\/uploads\/2024\/07\/utenamake-768x631.png 768w, https:\/\/eshop.utenosdsc.lt\/wp-content\/uploads\/2024\/07\/utenamake.png 1027w\" sizes=\"(max-width: 300px) 100vw, 300px\" \/><div class=\"eael-product-title\">\n    <a href=\"https:\/\/eshop.utenosdsc.lt\/index.php\/produktas\/dzemperis-utena\/\" class=\"woocommerce-LoopProduct-link woocommerce-loop-product__link\"><h2 class=\"woocommerce-loop-product__title\">D\u017eemperis \u201eUTENA\u201c<\/h2><\/a>\n    <\/div><div class=\"eael-star-rating star-rating\"><span style=\"width:0%\">Rated <strong class=\"rating\">0<\/strong> out of 5<\/span><\/div><div class=\"eael-product-price\"><span class=\"woocommerce-Price-amount amount\"><bdi>43,00&nbsp;<span class=\"woocommerce-Price-currencySymbol\">&euro;<\/span><\/bdi><\/span><\/div>    <a href=\"https:\/\/eshop.utenosdsc.lt\/index.php\/produktas\/dzemperis-utena\/\" aria-describedby=\"woocommerce_loop_add_to_cart_link_describedby_258\" data-quantity=\"1\" class=\"button product_type_variable add_to_cart_button\" data-product_id=\"258\" data-product_sku=\"\" aria-label=\"Select options for &ldquo;D\u017eemperis \u201eUTENA\u201c&rdquo;\" rel=\"nofollow\">Select options<\/a>\t<span id=\"woocommerce_loop_add_to_cart_link_describedby_258\" class=\"screen-reader-text\">\n\t\tThis product has multiple variants. The options may be chosen on the product page\t<\/span>\n    \n<\/div>\n\n<\/li> <li class=\"product \">\n<div class=\"eael-product-wrap\" data-src=\"\" data-src-hover=\"\">\n    <img decoding=\"async\" width=\"300\" height=\"247\" src=\"https:\/\/eshop.utenosdsc.lt\/wp-content\/uploads\/2024\/07\/555-300x247.png\" class=\"attachment-woocommerce_thumbnail size-woocommerce_thumbnail wvs-archive-product-image\" alt=\"\" loading=\"eager\" srcset=\"https:\/\/eshop.utenosdsc.lt\/wp-content\/uploads\/2024\/07\/555-300x247.png 300w, https:\/\/eshop.utenosdsc.lt\/wp-content\/uploads\/2024\/07\/555-510x419.png 510w, https:\/\/eshop.utenosdsc.lt\/wp-content\/uploads\/2024\/07\/555-1024x842.png 1024w, https:\/\/eshop.utenosdsc.lt\/wp-content\/uploads\/2024\/07\/555-768x631.png 768w, https:\/\/eshop.utenosdsc.lt\/wp-content\/uploads\/2024\/07\/555.png 1027w\" sizes=\"(max-width: 300px) 100vw, 300px\" \/><div class=\"eael-product-title\">\n    <a href=\"https:\/\/eshop.utenosdsc.lt\/index.php\/produktas\/dzemperis-su-gobtuvu-ir-rastais-utenos-dsc-2\/\" class=\"woocommerce-LoopProduct-link woocommerce-loop-product__link\"><h2 class=\"woocommerce-loop-product__title\">D\u017eemperis su gobtuvu ir ra\u0161tais \u201eUtenos DSC\u201c<\/h2><\/a>\n    <\/div><div class=\"eael-star-rating star-rating\"><span style=\"width:0%\">Rated <strong class=\"rating\">0<\/strong> out of 5<\/span><\/div><div class=\"eael-product-price\"><span class=\"woocommerce-Price-amount amount\"><bdi>43,00&nbsp;<span class=\"woocommerce-Price-currencySymbol\">&euro;<\/span><\/bdi><\/span><\/div>    <a href=\"https:\/\/eshop.utenosdsc.lt\/index.php\/produktas\/dzemperis-su-gobtuvu-ir-rastais-utenos-dsc-2\/\" aria-describedby=\"woocommerce_loop_add_to_cart_link_describedby_228\" data-quantity=\"1\" class=\"button product_type_variable add_to_cart_button\" data-product_id=\"228\" data-product_sku=\"\" aria-label=\"Select options for &ldquo;D\u017eemperis su gobtuvu ir ra\u0161tais \u201eUtenos DSC\u201c&rdquo;\" rel=\"nofollow\">Select options<\/a>\t<span id=\"woocommerce_loop_add_to_cart_link_describedby_228\" class=\"screen-reader-text\">\n\t\tThis product has multiple variants. The options may be chosen on the product page\t<\/span>\n    \n<\/div>\n\n<\/li> <li class=\"product \">\n<div class=\"eael-product-wrap\" data-src=\"\" data-src-hover=\"\">\n    <img decoding=\"async\" width=\"300\" height=\"247\" src=\"https:\/\/eshop.utenosdsc.lt\/wp-content\/uploads\/2024\/07\/DZEMPAKAS-300x247.png\" class=\"attachment-woocommerce_thumbnail size-woocommerce_thumbnail wvs-archive-product-image\" alt=\"\" loading=\"eager\" srcset=\"https:\/\/eshop.utenosdsc.lt\/wp-content\/uploads\/2024\/07\/DZEMPAKAS-300x247.png 300w, https:\/\/eshop.utenosdsc.lt\/wp-content\/uploads\/2024\/07\/DZEMPAKAS-510x419.png 510w, https:\/\/eshop.utenosdsc.lt\/wp-content\/uploads\/2024\/07\/DZEMPAKAS-1024x842.png 1024w, https:\/\/eshop.utenosdsc.lt\/wp-content\/uploads\/2024\/07\/DZEMPAKAS-768x631.png 768w, https:\/\/eshop.utenosdsc.lt\/wp-content\/uploads\/2024\/07\/DZEMPAKAS.png 1027w\" sizes=\"(max-width: 300px) 100vw, 300px\" \/><div class=\"eael-product-title\">\n    <a href=\"https:\/\/eshop.utenosdsc.lt\/index.php\/produktas\/dzemperis-su-rastu-utenos-dsc\/\" class=\"woocommerce-LoopProduct-link woocommerce-loop-product__link\"><h2 class=\"woocommerce-loop-product__title\">D\u017eemperis su ra\u0161tais \u201eUtenos DSC\u201c<\/h2><\/a>\n    <\/div><div class=\"eael-star-rating star-rating\"><span style=\"width:0%\">Rated <strong class=\"rating\">0<\/strong> out of 5<\/span><\/div><div class=\"eael-product-price\"><span class=\"woocommerce-Price-amount amount\"><bdi>43,00&nbsp;<span class=\"woocommerce-Price-currencySymbol\">&euro;<\/span><\/bdi><\/span><\/div>    <a href=\"https:\/\/eshop.utenosdsc.lt\/index.php\/produktas\/dzemperis-su-rastu-utenos-dsc\/\" aria-describedby=\"woocommerce_loop_add_to_cart_link_describedby_212\" data-quantity=\"1\" class=\"button product_type_variable add_to_cart_button\" data-product_id=\"212\" data-product_sku=\"\" aria-label=\"Select options for &ldquo;D\u017eemperis su ra\u0161tais \u201eUtenos DSC\u201c&rdquo;\" rel=\"nofollow\">Select options<\/a>\t<span id=\"woocommerce_loop_add_to_cart_link_describedby_212\" class=\"screen-reader-text\">\n\t\tThis product has multiple variants. The options may be chosen on the product page\t<\/span>\n    \n<\/div>\n\n<\/li> <li class=\"product \">\n<div class=\"eael-product-wrap\" data-src=\"\" data-src-hover=\"\">\n    <img decoding=\"async\" width=\"300\" height=\"247\" src=\"https:\/\/eshop.utenosdsc.lt\/wp-content\/uploads\/2024\/07\/dzemperis-1-300x247.png\" class=\"attachment-woocommerce_thumbnail size-woocommerce_thumbnail wvs-archive-product-image\" alt=\"\" loading=\"eager\" srcset=\"https:\/\/eshop.utenosdsc.lt\/wp-content\/uploads\/2024\/07\/dzemperis-1-300x247.png 300w, https:\/\/eshop.utenosdsc.lt\/wp-content\/uploads\/2024\/07\/dzemperis-1-510x419.png 510w, https:\/\/eshop.utenosdsc.lt\/wp-content\/uploads\/2024\/07\/dzemperis-1-1024x842.png 1024w, https:\/\/eshop.utenosdsc.lt\/wp-content\/uploads\/2024\/07\/dzemperis-1-768x631.png 768w, https:\/\/eshop.utenosdsc.lt\/wp-content\/uploads\/2024\/07\/dzemperis-1.png 1027w\" sizes=\"(max-width: 300px) 100vw, 300px\" \/><div class=\"eael-product-title\">\n    <a href=\"https:\/\/eshop.utenosdsc.lt\/index.php\/produktas\/dzemperis-su-gobtuvu-ir-rastais-utenos-dsc\/\" class=\"woocommerce-LoopProduct-link woocommerce-loop-product__link\"><h2 class=\"woocommerce-loop-product__title\">D\u017eemperis su gobtuvu ir ra\u0161tu \u201eUtenos DSC\u201c<\/h2><\/a>\n    <\/div><div class=\"eael-star-rating star-rating\"><span style=\"width:0%\">Rated <strong class=\"rating\">0<\/strong> out of 5<\/span><\/div><div class=\"eael-product-price\"><span class=\"woocommerce-Price-amount amount\"><bdi>43,00&nbsp;<span class=\"woocommerce-Price-currencySymbol\">&euro;<\/span><\/bdi><\/span><\/div>    <a href=\"https:\/\/eshop.utenosdsc.lt\/index.php\/produktas\/dzemperis-su-gobtuvu-ir-rastais-utenos-dsc\/\" aria-describedby=\"woocommerce_loop_add_to_cart_link_describedby_157\" data-quantity=\"1\" class=\"button product_type_variable add_to_cart_button\" data-product_id=\"157\" data-product_sku=\"\" aria-label=\"Select options for &ldquo;D\u017eemperis su gobtuvu ir ra\u0161tu \u201eUtenos DSC\u201c&rdquo;\" rel=\"nofollow\">Select options<\/a>\t<span id=\"woocommerce_loop_add_to_cart_link_describedby_157\" class=\"screen-reader-text\">\n\t\tThis product has multiple variants. The options may be chosen on the product page\t<\/span>\n    \n<\/div>\n\n<\/li> <li class=\"product \">\n<div class=\"eael-product-wrap\" data-src=\"\" data-src-hover=\"\">\n    <img decoding=\"async\" width=\"300\" height=\"247\" src=\"https:\/\/eshop.utenosdsc.lt\/wp-content\/uploads\/2024\/06\/555555555555555-300x247.png\" class=\"attachment-woocommerce_thumbnail size-woocommerce_thumbnail wvs-archive-product-image\" alt=\"\" loading=\"eager\" srcset=\"https:\/\/eshop.utenosdsc.lt\/wp-content\/uploads\/2024\/06\/555555555555555-300x247.png 300w, https:\/\/eshop.utenosdsc.lt\/wp-content\/uploads\/2024\/06\/555555555555555-510x419.png 510w, https:\/\/eshop.utenosdsc.lt\/wp-content\/uploads\/2024\/06\/555555555555555-1024x842.png 1024w, https:\/\/eshop.utenosdsc.lt\/wp-content\/uploads\/2024\/06\/555555555555555-768x631.png 768w, https:\/\/eshop.utenosdsc.lt\/wp-content\/uploads\/2024\/06\/555555555555555.png 1027w\" sizes=\"(max-width: 300px) 100vw, 300px\" \/><div class=\"eael-product-title\">\n    <a href=\"https:\/\/eshop.utenosdsc.lt\/index.php\/produktas\/dzemperis-utenos-dsc\/\" class=\"woocommerce-LoopProduct-link woocommerce-loop-product__link\"><h2 class=\"woocommerce-loop-product__title\">D\u017eemperis \u201eUtenos DSC\u201c<\/h2><\/a>\n    <\/div><div class=\"eael-star-rating star-rating\"><span style=\"width:0%\">Rated <strong class=\"rating\">0<\/strong> out of 5<\/span><\/div><div class=\"eael-product-price\"><span class=\"woocommerce-Price-amount amount\"><bdi>43,00&nbsp;<span class=\"woocommerce-Price-currencySymbol\">&euro;<\/span><\/bdi><\/span><\/div>    <a href=\"https:\/\/eshop.utenosdsc.lt\/index.php\/produktas\/dzemperis-utenos-dsc\/\" aria-describedby=\"woocommerce_loop_add_to_cart_link_describedby_142\" data-quantity=\"1\" class=\"button product_type_variable add_to_cart_button\" data-product_id=\"142\" data-product_sku=\"\" aria-label=\"Select options for &ldquo;D\u017eemperis \u201eUtenos DSC\u201c&rdquo;\" rel=\"nofollow\">Select options<\/a>\t<span id=\"woocommerce_loop_add_to_cart_link_describedby_142\" class=\"screen-reader-text\">\n\t\tThis product has multiple variants. The options may be chosen on the product page\t<\/span>\n    \n<\/div>\n\n<\/li><\/ul>            <\/div>\n        <\/div>\n\n        <script type=\"text\/javascript\">\n            jQuery(document).ready(function($) {\n                var $scope = jQuery(\".elementor-element-d0c1917\");\n                var $products = $('.products', $scope);\n                var $layout_mode = $products.data('layout-mode');\n                \n                if ( $layout_mode === 'masonry' ) {\n                    \/\/ init isotope\n                    var $isotope_products = $products.isotope({\n                        itemSelector: \"li.product\",\n                        layoutMode: $layout_mode,\n                        percentPosition: true\n                    });\n\n                    $isotope_products.imagesLoaded().progress( function() {\n                        $isotope_products.isotope('layout');\n                    })\n                    \n                }\n            });\n        <\/script>\n        \t\t\t\t<\/div>\n\t\t\t\t<\/div>\n\t\t\t\t\t<\/div>\n\t\t\t\t<\/div>\n\t\t\t\t<\/div>\n\t\t","protected":false},"excerpt":{"rendered":"<p>D\u017eemperis su gobtuvu ir ra\u0161tais \u201eUtenos DSC\u201c \u012evertinimas: 0 i\u0161 543,00&nbsp;&euro; Pasirinkti savybes D\u017eemperis su ra\u0161tais \u201eUtenos DSC\u201c \u012evertinimas: 0 i\u0161 543,00&nbsp;&euro; Pasirinkti savybes D\u017eemperis su gobtuvu ir ra\u0161tu \u201eUtenos DSC\u201c \u012evertinimas: 0 i\u0161 543,00&nbsp;&euro; Pasirinkti savybes D\u017eemperis \u201eUtenos DSC\u201c \u012evertinimas: 0 i\u0161 543,00&nbsp;&euro; Pasirinkti savybes<\/p>\n","protected":false},"author":1,"featured_media":0,"parent":0,"menu_order":0,"comment_status":"closed","ping_status":"closed","template":"","meta":{"footnotes":""},"class_list":["post-30","page","type-page","status-publish","hentry"],"_links":{"self":[{"href":"https:\/\/eshop.utenosdsc.lt\/index.php\/wp-json\/wp\/v2\/pages\/30","targetHints":{"allow":["GET"]}}],"collection":[{"href":"https:\/\/eshop.utenosdsc.lt\/index.php\/wp-json\/wp\/v2\/pages"}],"about":[{"href":"https:\/\/eshop.utenosdsc.lt\/index.php\/wp-json\/wp\/v2\/types\/page"}],"author":[{"embeddable":true,"href":"https:\/\/eshop.utenosdsc.lt\/index.php\/wp-json\/wp\/v2\/users\/1"}],"replies":[{"embeddable":true,"href":"https:\/\/eshop.utenosdsc.lt\/index.php\/wp-json\/wp\/v2\/comments?post=30"}],"version-history":[{"count":10,"href":"https:\/\/eshop.utenosdsc.lt\/index.php\/wp-json\/wp\/v2\/pages\/30\/revisions"}],"predecessor-version":[{"id":257,"href":"https:\/\/eshop.utenosdsc.lt\/index.php\/wp-json\/wp\/v2\/pages\/30\/revisions\/257"}],"wp:attachment":[{"href":"https:\/\/eshop.utenosdsc.lt\/index.php\/wp-json\/wp\/v2\/media?parent=30"}],"curies":[{"name":"wp","href":"https:\/\/api.w.org\/{rel}","templated":true}]}}