{"id":31,"date":"2024-06-07T06:30:59","date_gmt":"2024-06-07T06:30:59","guid":{"rendered":"https:\/\/eshop.utenosdsc.lt\/?page_id=31"},"modified":"2024-07-29T06:58:30","modified_gmt":"2024-07-29T06:58:30","slug":"marskineliai","status":"publish","type":"page","link":"https:\/\/eshop.utenosdsc.lt\/index.php\/marskineliai\/","title":{"rendered":"Mar\u0161kin\u0117liai"},"content":{"rendered":"\t\t<div data-elementor-type=\"wp-page\" data-elementor-id=\"31\" class=\"elementor elementor-31\">\n\t\t\t\t<div class=\"elementor-element elementor-element-ce7160a e-flex e-con-boxed wpr-particle-no wpr-jarallax-no wpr-parallax-no wpr-sticky-section-no e-con e-parent\" data-id=\"ce7160a\" data-element_type=\"container\" data-e-type=\"container\">\n\t\t\t\t\t<div class=\"e-con-inner\">\n\t\t\t\t<div class=\"elementor-element elementor-element-daa4d24 eael-product-grid-column-2 elementor-widget elementor-widget-eicon-woocommerce\" data-id=\"daa4d24\" data-element_type=\"widget\" data-e-type=\"widget\" data-widget_type=\"eicon-woocommerce.default\">\n\t\t\t\t<div class=\"elementor-widget-container\">\n\t\t\t\t\t\n        <div class=\"eael-product-grid eael-product-simple grid\" id=\"eael-product-grid\" data-widget-id=\"daa4d24\" data-page-id=\"31\" data-nonce=\"358c7b8a03\" >\n            <div class=\"woocommerce\">\n                <ul class=\"products eael-post-appender eael-post-appender-daa4d24\" data-ssi-desktop=\"no\" data-ssi-tablet=\"no\" data-ssi-mobile=\"no\" data-layout-mode=\"grid\"> <li class=\"product \">\n<div class=\"eael-product-wrap\" data-src=\"\" data-src-hover=\"\">\n    <img fetchpriority=\"high\" decoding=\"async\" width=\"300\" height=\"247\" src=\"https:\/\/eshop.utenosdsc.lt\/wp-content\/uploads\/2024\/07\/77-300x247.png\" class=\"attachment-woocommerce_thumbnail size-woocommerce_thumbnail wvs-archive-product-image\" alt=\"\" loading=\"eager\" srcset=\"https:\/\/eshop.utenosdsc.lt\/wp-content\/uploads\/2024\/07\/77-300x247.png 300w, https:\/\/eshop.utenosdsc.lt\/wp-content\/uploads\/2024\/07\/77-510x419.png 510w, https:\/\/eshop.utenosdsc.lt\/wp-content\/uploads\/2024\/07\/77-1024x842.png 1024w, https:\/\/eshop.utenosdsc.lt\/wp-content\/uploads\/2024\/07\/77-768x631.png 768w, https:\/\/eshop.utenosdsc.lt\/wp-content\/uploads\/2024\/07\/77.png 1027w\" sizes=\"(max-width: 300px) 100vw, 300px\" \/><div class=\"eael-product-title\">\n    <a href=\"https:\/\/eshop.utenosdsc.lt\/index.php\/produktas\/marskineliai-utena-2\/\" class=\"woocommerce-LoopProduct-link woocommerce-loop-product__link\"><h2 class=\"woocommerce-loop-product__title\">MAR\u0160KIN\u0116LIAI \u201eUTENA\u201c<\/h2><\/a>\n    <\/div><div class=\"eael-star-rating star-rating\"><span style=\"width:0%\">Rated <strong class=\"rating\">0<\/strong> out of 5<\/span><\/div><div class=\"eael-product-price\"><span class=\"woocommerce-Price-amount amount\"><bdi>17,00&nbsp;<span class=\"woocommerce-Price-currencySymbol\">&euro;<\/span><\/bdi><\/span><\/div>    <a href=\"https:\/\/eshop.utenosdsc.lt\/index.php\/produktas\/marskineliai-utena-2\/\" aria-describedby=\"woocommerce_loop_add_to_cart_link_describedby_244\" data-quantity=\"1\" class=\"button product_type_variable add_to_cart_button\" data-product_id=\"244\" data-product_sku=\"\" aria-label=\"Select options for &ldquo;MAR\u0160KIN\u0116LIAI \u201eUTENA\u201c&rdquo;\" rel=\"nofollow\">Select options<\/a>\t<span id=\"woocommerce_loop_add_to_cart_link_describedby_244\" class=\"screen-reader-text\">\n\t\tThis product has multiple variants. The options may be chosen on the product page\t<\/span>\n    \n<\/div>\n\n<\/li> <li class=\"product \">\n<div class=\"eael-product-wrap\" data-src=\"\" data-src-hover=\"\">\n    <img decoding=\"async\" width=\"300\" height=\"247\" src=\"https:\/\/eshop.utenosdsc.lt\/wp-content\/uploads\/2024\/07\/66-300x247.png\" class=\"attachment-woocommerce_thumbnail size-woocommerce_thumbnail wvs-archive-product-image\" alt=\"\" loading=\"eager\" srcset=\"https:\/\/eshop.utenosdsc.lt\/wp-content\/uploads\/2024\/07\/66-300x247.png 300w, https:\/\/eshop.utenosdsc.lt\/wp-content\/uploads\/2024\/07\/66-510x419.png 510w, https:\/\/eshop.utenosdsc.lt\/wp-content\/uploads\/2024\/07\/66-1024x842.png 1024w, https:\/\/eshop.utenosdsc.lt\/wp-content\/uploads\/2024\/07\/66-768x631.png 768w, https:\/\/eshop.utenosdsc.lt\/wp-content\/uploads\/2024\/07\/66.png 1027w\" sizes=\"(max-width: 300px) 100vw, 300px\" \/><div class=\"eael-product-title\">\n    <a href=\"https:\/\/eshop.utenosdsc.lt\/index.php\/produktas\/marskineliai-utena\/\" class=\"woocommerce-LoopProduct-link woocommerce-loop-product__link\"><h2 class=\"woocommerce-loop-product__title\">MAR\u0160KIN\u0116LIAI \u201eUTENA\u201c<\/h2><\/a>\n    <\/div><div class=\"eael-star-rating star-rating\"><span style=\"width:0%\">Rated <strong class=\"rating\">0<\/strong> out of 5<\/span><\/div><div class=\"eael-product-price\"><span class=\"woocommerce-Price-amount amount\"><bdi>17,00&nbsp;<span class=\"woocommerce-Price-currencySymbol\">&euro;<\/span><\/bdi><\/span><\/div>    <a href=\"https:\/\/eshop.utenosdsc.lt\/index.php\/produktas\/marskineliai-utena\/\" aria-describedby=\"woocommerce_loop_add_to_cart_link_describedby_236\" data-quantity=\"1\" class=\"button product_type_variable add_to_cart_button\" data-product_id=\"236\" data-product_sku=\"\" aria-label=\"Select options for &ldquo;MAR\u0160KIN\u0116LIAI \u201eUTENA\u201c&rdquo;\" rel=\"nofollow\">Select options<\/a>\t<span id=\"woocommerce_loop_add_to_cart_link_describedby_236\" class=\"screen-reader-text\">\n\t\tThis product has multiple variants. The options may be chosen on the product page\t<\/span>\n    \n<\/div>\n\n<\/li> <li class=\"product \">\n<div class=\"eael-product-wrap\" data-src=\"\" data-src-hover=\"\">\n    <img decoding=\"async\" width=\"300\" height=\"247\" src=\"https:\/\/eshop.utenosdsc.lt\/wp-content\/uploads\/2024\/07\/maikute-300x247.png\" class=\"attachment-woocommerce_thumbnail size-woocommerce_thumbnail wvs-archive-product-image\" alt=\"\" loading=\"eager\" srcset=\"https:\/\/eshop.utenosdsc.lt\/wp-content\/uploads\/2024\/07\/maikute-300x247.png 300w, https:\/\/eshop.utenosdsc.lt\/wp-content\/uploads\/2024\/07\/maikute-510x419.png 510w, https:\/\/eshop.utenosdsc.lt\/wp-content\/uploads\/2024\/07\/maikute-1024x842.png 1024w, https:\/\/eshop.utenosdsc.lt\/wp-content\/uploads\/2024\/07\/maikute-768x631.png 768w, https:\/\/eshop.utenosdsc.lt\/wp-content\/uploads\/2024\/07\/maikute.png 1027w\" sizes=\"(max-width: 300px) 100vw, 300px\" \/><div class=\"eael-product-title\">\n    <a href=\"https:\/\/eshop.utenosdsc.lt\/index.php\/produktas\/marskineliai-utenos-dsc-su-rastais\/\" class=\"woocommerce-LoopProduct-link woocommerce-loop-product__link\"><h2 class=\"woocommerce-loop-product__title\">MAR\u0160KIN\u0116LIAI \u201eUtenos DSC\u201c su ra\u0161tais<\/h2><\/a>\n    <\/div><div class=\"eael-star-rating star-rating\"><span style=\"width:0%\">Rated <strong class=\"rating\">0<\/strong> out of 5<\/span><\/div><div class=\"eael-product-price\"><span class=\"woocommerce-Price-amount amount\"><bdi>17,00&nbsp;<span class=\"woocommerce-Price-currencySymbol\">&euro;<\/span><\/bdi><\/span><\/div>    <a href=\"https:\/\/eshop.utenosdsc.lt\/index.php\/produktas\/marskineliai-utenos-dsc-su-rastais\/\" aria-describedby=\"woocommerce_loop_add_to_cart_link_describedby_196\" data-quantity=\"1\" class=\"button product_type_variable add_to_cart_button\" data-product_id=\"196\" data-product_sku=\"\" aria-label=\"Select options for &ldquo;MAR\u0160KIN\u0116LIAI \u201eUtenos DSC\u201c su ra\u0161tais&rdquo;\" rel=\"nofollow\">Select options<\/a>\t<span id=\"woocommerce_loop_add_to_cart_link_describedby_196\" class=\"screen-reader-text\">\n\t\tThis product has multiple variants. The options may be chosen on the product page\t<\/span>\n    \n<\/div>\n\n<\/li> <li class=\"product \">\n<div class=\"eael-product-wrap\" data-src=\"\" data-src-hover=\"\">\n    <img decoding=\"async\" width=\"300\" height=\"247\" src=\"https:\/\/eshop.utenosdsc.lt\/wp-content\/uploads\/2024\/06\/222222-300x247.png\" class=\"attachment-woocommerce_thumbnail size-woocommerce_thumbnail wvs-archive-product-image\" alt=\"\" loading=\"eager\" srcset=\"https:\/\/eshop.utenosdsc.lt\/wp-content\/uploads\/2024\/06\/222222-300x247.png 300w, https:\/\/eshop.utenosdsc.lt\/wp-content\/uploads\/2024\/06\/222222-510x419.png 510w, https:\/\/eshop.utenosdsc.lt\/wp-content\/uploads\/2024\/06\/222222-1024x842.png 1024w, https:\/\/eshop.utenosdsc.lt\/wp-content\/uploads\/2024\/06\/222222-768x631.png 768w, https:\/\/eshop.utenosdsc.lt\/wp-content\/uploads\/2024\/06\/222222.png 1027w\" sizes=\"(max-width: 300px) 100vw, 300px\" \/><div class=\"eael-product-title\">\n    <a href=\"https:\/\/eshop.utenosdsc.lt\/index.php\/produktas\/marskineliai-utenos-dsc-3\/\" class=\"woocommerce-LoopProduct-link woocommerce-loop-product__link\"><h2 class=\"woocommerce-loop-product__title\">MAR\u0160KIN\u0116LIAI \u201eUtenos DSC\u201c<\/h2><\/a>\n    <\/div><div class=\"eael-star-rating star-rating\"><span style=\"width:0%\">Rated <strong class=\"rating\">0<\/strong> out of 5<\/span><\/div><div class=\"eael-product-price\"><span class=\"woocommerce-Price-amount amount\"><bdi>17,00&nbsp;<span class=\"woocommerce-Price-currencySymbol\">&euro;<\/span><\/bdi><\/span><\/div>    <a href=\"https:\/\/eshop.utenosdsc.lt\/index.php\/produktas\/marskineliai-utenos-dsc-3\/\" aria-describedby=\"woocommerce_loop_add_to_cart_link_describedby_139\" data-quantity=\"1\" class=\"button product_type_variable add_to_cart_button\" data-product_id=\"139\" data-product_sku=\"4564504504\" aria-label=\"Select options for &ldquo;MAR\u0160KIN\u0116LIAI \u201eUtenos DSC\u201c&rdquo;\" rel=\"nofollow\">Select options<\/a>\t<span id=\"woocommerce_loop_add_to_cart_link_describedby_139\" class=\"screen-reader-text\">\n\t\tThis product has multiple variants. The options may be chosen on the product page\t<\/span>\n    \n<\/div>\n\n<\/li> <li class=\"product \">\n<div class=\"eael-product-wrap\" data-src=\"\" data-src-hover=\"\">\n    <img decoding=\"async\" width=\"300\" height=\"247\" src=\"https:\/\/eshop.utenosdsc.lt\/wp-content\/uploads\/2024\/06\/55-300x247.png\" class=\"attachment-woocommerce_thumbnail size-woocommerce_thumbnail wvs-archive-product-image\" alt=\"\" loading=\"eager\" srcset=\"https:\/\/eshop.utenosdsc.lt\/wp-content\/uploads\/2024\/06\/55-300x247.png 300w, https:\/\/eshop.utenosdsc.lt\/wp-content\/uploads\/2024\/06\/55-510x419.png 510w, https:\/\/eshop.utenosdsc.lt\/wp-content\/uploads\/2024\/06\/55-1024x842.png 1024w, https:\/\/eshop.utenosdsc.lt\/wp-content\/uploads\/2024\/06\/55-768x631.png 768w, https:\/\/eshop.utenosdsc.lt\/wp-content\/uploads\/2024\/06\/55.png 1027w\" sizes=\"(max-width: 300px) 100vw, 300px\" \/><div class=\"eael-product-title\">\n    <a href=\"https:\/\/eshop.utenosdsc.lt\/index.php\/produktas\/marskineliai-utenos-dsc-1953-3\/\" class=\"woocommerce-LoopProduct-link woocommerce-loop-product__link\"><h2 class=\"woocommerce-loop-product__title\">MAR\u0160KIN\u0116LIAI \u201eUtenos DSC 1953\u201c<\/h2><\/a>\n    <\/div><div class=\"eael-star-rating star-rating\"><span style=\"width:0%\">Rated <strong class=\"rating\">0<\/strong> out of 5<\/span><\/div><div class=\"eael-product-price\"><span class=\"woocommerce-Price-amount amount\"><bdi>17,00&nbsp;<span class=\"woocommerce-Price-currencySymbol\">&euro;<\/span><\/bdi><\/span><\/div>    <a href=\"https:\/\/eshop.utenosdsc.lt\/index.php\/produktas\/marskineliai-utenos-dsc-1953-3\/\" aria-describedby=\"woocommerce_loop_add_to_cart_link_describedby_137\" data-quantity=\"1\" class=\"button product_type_variable add_to_cart_button\" data-product_id=\"137\" data-product_sku=\"\" aria-label=\"Select options for &ldquo;MAR\u0160KIN\u0116LIAI \u201eUtenos DSC 1953\u201c&rdquo;\" rel=\"nofollow\">Select options<\/a>\t<span id=\"woocommerce_loop_add_to_cart_link_describedby_137\" class=\"screen-reader-text\">\n\t\tThis product has multiple variants. The options may be chosen on the product page\t<\/span>\n    \n<\/div>\n\n<\/li> <li class=\"product \">\n<div class=\"eael-product-wrap\" data-src=\"\" data-src-hover=\"\">\n    <img decoding=\"async\" width=\"300\" height=\"247\" src=\"https:\/\/eshop.utenosdsc.lt\/wp-content\/uploads\/2024\/06\/ver-300x247.png\" class=\"attachment-woocommerce_thumbnail size-woocommerce_thumbnail wvs-archive-product-image\" alt=\"\" loading=\"eager\" srcset=\"https:\/\/eshop.utenosdsc.lt\/wp-content\/uploads\/2024\/06\/ver-300x247.png 300w, https:\/\/eshop.utenosdsc.lt\/wp-content\/uploads\/2024\/06\/ver-510x419.png 510w, https:\/\/eshop.utenosdsc.lt\/wp-content\/uploads\/2024\/06\/ver-1024x842.png 1024w, https:\/\/eshop.utenosdsc.lt\/wp-content\/uploads\/2024\/06\/ver-768x631.png 768w, https:\/\/eshop.utenosdsc.lt\/wp-content\/uploads\/2024\/06\/ver.png 1027w\" sizes=\"(max-width: 300px) 100vw, 300px\" \/><div class=\"eael-product-title\">\n    <a href=\"https:\/\/eshop.utenosdsc.lt\/index.php\/produktas\/marskineliai-utenos-dsc-1953-2\/\" class=\"woocommerce-LoopProduct-link woocommerce-loop-product__link\"><h2 class=\"woocommerce-loop-product__title\">MAR\u0160KIN\u0116LIAI \u201eUtenos DSC 1953\u201c<\/h2><\/a>\n    <\/div><div class=\"eael-star-rating star-rating\"><span style=\"width:0%\">Rated <strong class=\"rating\">0<\/strong> out of 5<\/span><\/div><div class=\"eael-product-price\"><span class=\"woocommerce-Price-amount amount\"><bdi>17,00&nbsp;<span class=\"woocommerce-Price-currencySymbol\">&euro;<\/span><\/bdi><\/span><\/div>    <a href=\"https:\/\/eshop.utenosdsc.lt\/index.php\/produktas\/marskineliai-utenos-dsc-1953-2\/\" aria-describedby=\"woocommerce_loop_add_to_cart_link_describedby_135\" data-quantity=\"1\" class=\"button product_type_variable add_to_cart_button\" data-product_id=\"135\" data-product_sku=\"\" aria-label=\"Select options for &ldquo;MAR\u0160KIN\u0116LIAI \u201eUtenos DSC 1953\u201c&rdquo;\" rel=\"nofollow\">Select options<\/a>\t<span id=\"woocommerce_loop_add_to_cart_link_describedby_135\" class=\"screen-reader-text\">\n\t\tThis product has multiple variants. The options may be chosen on the product page\t<\/span>\n    \n<\/div>\n\n<\/li> <li class=\"product \">\n<div class=\"eael-product-wrap\" data-src=\"\" data-src-hover=\"\">\n    <img decoding=\"async\" width=\"300\" height=\"247\" src=\"https:\/\/eshop.utenosdsc.lt\/wp-content\/uploads\/2024\/06\/1953-300x247.png\" class=\"attachment-woocommerce_thumbnail size-woocommerce_thumbnail wvs-archive-product-image\" alt=\"\" loading=\"eager\" srcset=\"https:\/\/eshop.utenosdsc.lt\/wp-content\/uploads\/2024\/06\/1953-300x247.png 300w, https:\/\/eshop.utenosdsc.lt\/wp-content\/uploads\/2024\/06\/1953-510x419.png 510w, https:\/\/eshop.utenosdsc.lt\/wp-content\/uploads\/2024\/06\/1953-1024x842.png 1024w, https:\/\/eshop.utenosdsc.lt\/wp-content\/uploads\/2024\/06\/1953-768x631.png 768w, https:\/\/eshop.utenosdsc.lt\/wp-content\/uploads\/2024\/06\/1953.png 1027w\" sizes=\"(max-width: 300px) 100vw, 300px\" \/><div class=\"eael-product-title\">\n    <a href=\"https:\/\/eshop.utenosdsc.lt\/index.php\/produktas\/marskineliai-utenos-dsc-1953\/\" class=\"woocommerce-LoopProduct-link woocommerce-loop-product__link\"><h2 class=\"woocommerce-loop-product__title\">MAR\u0160KIN\u0116LIAI \u201eUtenos DSC 1953\u201c<\/h2><\/a>\n    <\/div><div class=\"eael-star-rating star-rating\"><span style=\"width:0%\">Rated <strong class=\"rating\">0<\/strong> out of 5<\/span><\/div><div class=\"eael-product-price\"><span class=\"woocommerce-Price-amount amount\"><bdi>17,00&nbsp;<span class=\"woocommerce-Price-currencySymbol\">&euro;<\/span><\/bdi><\/span><\/div>    <a href=\"https:\/\/eshop.utenosdsc.lt\/index.php\/produktas\/marskineliai-utenos-dsc-1953\/\" aria-describedby=\"woocommerce_loop_add_to_cart_link_describedby_132\" data-quantity=\"1\" class=\"button product_type_variable add_to_cart_button\" data-product_id=\"132\" data-product_sku=\"\" aria-label=\"Select options for &ldquo;MAR\u0160KIN\u0116LIAI \u201eUtenos DSC 1953\u201c&rdquo;\" rel=\"nofollow\">Select options<\/a>\t<span id=\"woocommerce_loop_add_to_cart_link_describedby_132\" class=\"screen-reader-text\">\n\t\tThis product has multiple variants. The options may be chosen on the product page\t<\/span>\n    \n<\/div>\n\n<\/li> <li class=\"product \">\n<div class=\"eael-product-wrap\" data-src=\"\" data-src-hover=\"\">\n    <img decoding=\"async\" width=\"300\" height=\"247\" src=\"https:\/\/eshop.utenosdsc.lt\/wp-content\/uploads\/2024\/06\/Untitled-1-300x247.png\" class=\"attachment-woocommerce_thumbnail size-woocommerce_thumbnail wvs-archive-product-image\" alt=\"\" loading=\"eager\" srcset=\"https:\/\/eshop.utenosdsc.lt\/wp-content\/uploads\/2024\/06\/Untitled-1-300x247.png 300w, https:\/\/eshop.utenosdsc.lt\/wp-content\/uploads\/2024\/06\/Untitled-1-510x419.png 510w, https:\/\/eshop.utenosdsc.lt\/wp-content\/uploads\/2024\/06\/Untitled-1-1024x842.png 1024w, https:\/\/eshop.utenosdsc.lt\/wp-content\/uploads\/2024\/06\/Untitled-1-768x631.png 768w, https:\/\/eshop.utenosdsc.lt\/wp-content\/uploads\/2024\/06\/Untitled-1.png 1027w\" sizes=\"(max-width: 300px) 100vw, 300px\" \/><div class=\"eael-product-title\">\n    <a href=\"https:\/\/eshop.utenosdsc.lt\/index.php\/produktas\/marskineliai-utenos-dsc-2\/\" class=\"woocommerce-LoopProduct-link woocommerce-loop-product__link\"><h2 class=\"woocommerce-loop-product__title\">Mar\u0161kin\u0117liai \u201eUtenos DSC\u201c<\/h2><\/a>\n    <\/div><div class=\"eael-star-rating star-rating\"><span style=\"width:0%\">Rated <strong class=\"rating\">0<\/strong> out of 5<\/span><\/div><div class=\"eael-product-price\"><span class=\"woocommerce-Price-amount amount\"><bdi>17,00&nbsp;<span class=\"woocommerce-Price-currencySymbol\">&euro;<\/span><\/bdi><\/span><\/div>    <a href=\"?add-to-cart=128\" aria-describedby=\"woocommerce_loop_add_to_cart_link_describedby_128\" data-quantity=\"1\" class=\"button product_type_simple add_to_cart_button ajax_add_to_cart\" data-product_id=\"128\" data-product_sku=\"\" aria-label=\"Add to cart: &ldquo;Mar\u0161kin\u0117liai \u201eUtenos DSC\u201c&rdquo;\" rel=\"nofollow\" data-success_message=\"&ldquo;Mar\u0161kin\u0117liai \u201eUtenos DSC\u201c&rdquo; has been added to your cart\">Add to cart<\/a>\t<span id=\"woocommerce_loop_add_to_cart_link_describedby_128\" class=\"screen-reader-text\">\n\t\t\t<\/span>\n    \n<\/div>\n\n<\/li> <li class=\"product \">\n<div class=\"eael-product-wrap\" data-src=\"\" data-src-hover=\"\">\n    <img decoding=\"async\" width=\"300\" height=\"247\" src=\"https:\/\/eshop.utenosdsc.lt\/wp-content\/uploads\/2024\/06\/426252958_689781003089512_2268298380550156073_n-1-300x247.png\" class=\"attachment-woocommerce_thumbnail size-woocommerce_thumbnail wvs-archive-product-image\" alt=\"\" loading=\"eager\" srcset=\"https:\/\/eshop.utenosdsc.lt\/wp-content\/uploads\/2024\/06\/426252958_689781003089512_2268298380550156073_n-1-300x247.png 300w, https:\/\/eshop.utenosdsc.lt\/wp-content\/uploads\/2024\/06\/426252958_689781003089512_2268298380550156073_n-1-510x419.png 510w, https:\/\/eshop.utenosdsc.lt\/wp-content\/uploads\/2024\/06\/426252958_689781003089512_2268298380550156073_n-1-1024x842.png 1024w, https:\/\/eshop.utenosdsc.lt\/wp-content\/uploads\/2024\/06\/426252958_689781003089512_2268298380550156073_n-1-768x631.png 768w, https:\/\/eshop.utenosdsc.lt\/wp-content\/uploads\/2024\/06\/426252958_689781003089512_2268298380550156073_n-1.png 1027w\" sizes=\"(max-width: 300px) 100vw, 300px\" \/><div class=\"eael-product-title\">\n    <a href=\"https:\/\/eshop.utenosdsc.lt\/index.php\/produktas\/marskineliai-utenos-dsc\/\" class=\"woocommerce-LoopProduct-link woocommerce-loop-product__link\"><h2 class=\"woocommerce-loop-product__title\">Mar\u0161kin\u0117liai \u201eUtenos DSC\u201c<\/h2><\/a>\n    <\/div><div class=\"eael-star-rating star-rating\"><span style=\"width:0%\">Rated <strong class=\"rating\">0<\/strong> out of 5<\/span><\/div><div class=\"eael-product-price\"><span class=\"woocommerce-Price-amount amount\"><bdi>17,00&nbsp;<span class=\"woocommerce-Price-currencySymbol\">&euro;<\/span><\/bdi><\/span><\/div>    <a href=\"?add-to-cart=123\" aria-describedby=\"woocommerce_loop_add_to_cart_link_describedby_123\" data-quantity=\"1\" class=\"button product_type_simple add_to_cart_button ajax_add_to_cart\" data-product_id=\"123\" data-product_sku=\"\" aria-label=\"Add to cart: &ldquo;Mar\u0161kin\u0117liai \u201eUtenos DSC\u201c&rdquo;\" rel=\"nofollow\" data-success_message=\"&ldquo;Mar\u0161kin\u0117liai \u201eUtenos DSC\u201c&rdquo; has been added to your cart\">Add to cart<\/a>\t<span id=\"woocommerce_loop_add_to_cart_link_describedby_123\" class=\"screen-reader-text\">\n\t\t\t<\/span>\n    \n<\/div>\n\n<\/li><\/ul>            <\/div>\n        <\/div>\n\n        <script type=\"text\/javascript\">\n            jQuery(document).ready(function($) {\n                var $scope = jQuery(\".elementor-element-daa4d24\");\n                var $products = $('.products', $scope);\n                var $layout_mode = $products.data('layout-mode');\n                \n                if ( $layout_mode === 'masonry' ) {\n                    \/\/ init isotope\n                    var $isotope_products = $products.isotope({\n                        itemSelector: \"li.product\",\n                        layoutMode: $layout_mode,\n                        percentPosition: true\n                    });\n\n                    $isotope_products.imagesLoaded().progress( function() {\n                        $isotope_products.isotope('layout');\n                    })\n                    \n                }\n            });\n        <\/script>\n        \t\t\t\t<\/div>\n\t\t\t\t<\/div>\n\t\t\t\t\t<\/div>\n\t\t\t\t<\/div>\n\t\t\t\t<\/div>\n\t\t","protected":false},"excerpt":{"rendered":"<p>MAR\u0160KIN\u0116LIAI \u201eUTENA\u201c \u012evertinimas: 0 i\u0161 517,00&nbsp;&euro; Pasirinkti savybes MAR\u0160KIN\u0116LIAI \u201eUTENA\u201c \u012evertinimas: 0 i\u0161 517,00&nbsp;&euro; Pasirinkti savybes MAR\u0160KIN\u0116LIAI \u201eUtenos DSC\u201c su ra\u0161tais \u012evertinimas: 0 i\u0161 517,00&nbsp;&euro; Pasirinkti savybes MAR\u0160KIN\u0116LIAI \u201eUtenos DSC\u201c \u012evertinimas: 0 i\u0161 517,00&nbsp;&euro; Pasirinkti savybes MAR\u0160KIN\u0116LIAI \u201eUtenos DSC 1953\u201c \u012evertinimas: 0 i\u0161 517,00&nbsp;&euro; Pasirinkti savybes MAR\u0160KIN\u0116LIAI \u201eUtenos DSC 1953\u201c \u012evertinimas: 0 i\u0161 517,00&nbsp;&euro; Pasirinkti savybes MAR\u0160KIN\u0116LIAI \u201eUtenos DSC 1953\u201c \u012evertinimas: 0 i\u0161 517,00&nbsp;&euro; Pasirinkti savybes Mar\u0161kin\u0117liai \u201eUtenos DSC\u201c \u012evertinimas: 0 i\u0161 517,00&nbsp;&euro; \u012e krep\u0161el\u012f Mar\u0161kin\u0117liai \u201eUtenos DSC\u201c \u012evertinimas: 0 i\u0161 517,00&nbsp;&euro; \u012e krep\u0161el\u012f<\/p>\n","protected":false},"author":1,"featured_media":0,"parent":0,"menu_order":0,"comment_status":"closed","ping_status":"closed","template":"","meta":{"footnotes":""},"class_list":["post-31","page","type-page","status-publish","hentry"],"_links":{"self":[{"href":"https:\/\/eshop.utenosdsc.lt\/index.php\/wp-json\/wp\/v2\/pages\/31","targetHints":{"allow":["GET"]}}],"collection":[{"href":"https:\/\/eshop.utenosdsc.lt\/index.php\/wp-json\/wp\/v2\/pages"}],"about":[{"href":"https:\/\/eshop.utenosdsc.lt\/index.php\/wp-json\/wp\/v2\/types\/page"}],"author":[{"embeddable":true,"href":"https:\/\/eshop.utenosdsc.lt\/index.php\/wp-json\/wp\/v2\/users\/1"}],"replies":[{"embeddable":true,"href":"https:\/\/eshop.utenosdsc.lt\/index.php\/wp-json\/wp\/v2\/comments?post=31"}],"version-history":[{"count":7,"href":"https:\/\/eshop.utenosdsc.lt\/index.php\/wp-json\/wp\/v2\/pages\/31\/revisions"}],"predecessor-version":[{"id":254,"href":"https:\/\/eshop.utenosdsc.lt\/index.php\/wp-json\/wp\/v2\/pages\/31\/revisions\/254"}],"wp:attachment":[{"href":"https:\/\/eshop.utenosdsc.lt\/index.php\/wp-json\/wp\/v2\/media?parent=31"}],"curies":[{"name":"wp","href":"https:\/\/api.w.org\/{rel}","templated":true}]}}